{"id":1007,"date":"2021-08-08T21:07:32","date_gmt":"2021-08-08T21:07:32","guid":{"rendered":"https:\/\/www.grupo-dc.com\/wp\/?page_id=1007"},"modified":"2021-08-09T09:58:13","modified_gmt":"2021-08-09T09:58:13","slug":"accesibilidad","status":"publish","type":"page","link":"https:\/\/www.grupo-dc.com\/wp\/accesibilidad\/","title":{"rendered":"Accesibilidad"},"content":{"rendered":"\t\t<div data-elementor-type=\"wp-page\" data-elementor-id=\"1007\" class=\"elementor elementor-1007\" data-elementor-settings=\"[]\">\n\t\t\t\t\t\t\t<div class=\"elementor-section-wrap\">\n\t\t\t\t\t\t\t<section class=\"elementor-section elementor-top-section elementor-element elementor-element-63595c59 elementor-section-boxed elementor-section-height-default elementor-section-height-default\" data-id=\"63595c59\" data-element_type=\"section\" data-settings=\"{&quot;background_background&quot;:&quot;classic&quot;}\">\n\t\t\t\t\t\t\t<div class=\"elementor-background-overlay\"><\/div>\n\t\t\t\t\t\t\t<div class=\"elementor-container elementor-column-gap-default\">\n\t\t\t\t\t<div class=\"elementor-column elementor-col-100 elementor-top-column elementor-element elementor-element-427afd37\" data-id=\"427afd37\" data-element_type=\"column\">\n\t\t\t<div class=\"elementor-widget-wrap elementor-element-populated\">\n\t\t\t\t\t\t\t\t<div class=\"elementor-element elementor-element-24b4564d elementor-widget elementor-widget-heading\" data-id=\"24b4564d\" data-element_type=\"widget\" data-widget_type=\"heading.default\">\n\t\t\t\t<div class=\"elementor-widget-container\">\n\t\t\t<h1 class=\"elementor-heading-title elementor-size-default\">Accesibilidad<\/h1>\t\t<\/div>\n\t\t\t\t<\/div>\n\t\t\t\t\t<\/div>\n\t\t<\/div>\n\t\t\t\t\t\t\t<\/div>\n\t\t<\/section>\n\t\t\t\t<section class=\"elementor-section elementor-top-section elementor-element elementor-element-27c5bb6d elementor-section-boxed elementor-section-height-default elementor-section-height-default\" data-id=\"27c5bb6d\" data-element_type=\"section\" data-settings=\"{&quot;background_background&quot;:&quot;classic&quot;}\">\n\t\t\t\t\t\t<div class=\"elementor-container elementor-column-gap-default\">\n\t\t\t\t\t<div class=\"elementor-column elementor-col-100 elementor-top-column elementor-element elementor-element-6310398b\" data-id=\"6310398b\" data-element_type=\"column\">\n\t\t\t<div class=\"elementor-widget-wrap elementor-element-populated\">\n\t\t\t\t\t\t\t\t<div class=\"elementor-element elementor-element-5622de99 elementor-widget elementor-widget-text-editor\" data-id=\"5622de99\" data-element_type=\"widget\" data-widget_type=\"text-editor.default\">\n\t\t\t\t<div class=\"elementor-widget-container\">\n\t\t\t\t\t\t\t\t<p>Este sitio web utiliza las cookies propias y de terceros estrictamente necesarias para optimizar la navegaci\u00f3n y mejorar la experiencia de usuario.<\/p><p>Con la mera navegaci\u00f3n (con el navegador habilitado para aceptar cookies), el usuario acepta la instalaci\u00f3n de cookies, salvo que se oponga, seg\u00fan se detalla en esta Pol\u00edtica de cookies.<\/p>\t\t\t\t\t\t<\/div>\n\t\t\t\t<\/div>\n\t\t\t\t\t<\/div>\n\t\t<\/div>\n\t\t\t\t\t\t\t<\/div>\n\t\t<\/section>\n\t\t\t\t<section class=\"elementor-section elementor-top-section elementor-element elementor-element-724ab5ec elementor-section-content-middle elementor-reverse-mobile elementor-section-boxed elementor-section-height-default elementor-section-height-default\" data-id=\"724ab5ec\" data-element_type=\"section\" data-settings=\"{&quot;background_background&quot;:&quot;classic&quot;,&quot;shape_divider_top&quot;:&quot;tilt&quot;,&quot;shape_divider_bottom&quot;:&quot;tilt&quot;}\">\n\t\t\t\t\t<div class=\"elementor-shape elementor-shape-top\" data-negative=\"false\">\n\t\t\t<svg xmlns=\"http:\/\/www.w3.org\/2000\/svg\" viewBox=\"0 0 1000 100\" preserveAspectRatio=\"none\">\n\t<path class=\"elementor-shape-fill\" d=\"M0,6V0h1000v100L0,6z\"\/>\n<\/svg>\t\t<\/div>\n\t\t\t\t<div class=\"elementor-shape elementor-shape-bottom\" data-negative=\"false\">\n\t\t\t<svg xmlns=\"http:\/\/www.w3.org\/2000\/svg\" viewBox=\"0 0 1000 100\" preserveAspectRatio=\"none\">\n\t<path class=\"elementor-shape-fill\" d=\"M0,6V0h1000v100L0,6z\"\/>\n<\/svg>\t\t<\/div>\n\t\t\t\t\t<div class=\"elementor-container elementor-column-gap-default\">\n\t\t\t\t\t<div class=\"elementor-column elementor-col-100 elementor-top-column elementor-element elementor-element-2605d1d\" data-id=\"2605d1d\" data-element_type=\"column\">\n\t\t\t<div class=\"elementor-widget-wrap elementor-element-populated\">\n\t\t\t\t\t\t\t\t<div class=\"elementor-element elementor-element-6458c6ee elementor-widget elementor-widget-heading\" data-id=\"6458c6ee\" data-element_type=\"widget\" id=\"cafe\" data-widget_type=\"heading.default\">\n\t\t\t\t<div class=\"elementor-widget-container\">\n\t\t\t<h5 class=\"elementor-heading-title elementor-size-default\">Pruebas superadas<\/h5>\t\t<\/div>\n\t\t\t\t<\/div>\n\t\t\t\t<div class=\"elementor-element elementor-element-438fc9f9 elementor-widget elementor-widget-text-editor\" data-id=\"438fc9f9\" data-element_type=\"widget\" data-widget_type=\"text-editor.default\">\n\t\t\t\t<div class=\"elementor-widget-container\">\n\t\t\t\t\t\t\t\t<p>Grupo D.C. ha superado las siguientes pruebas de accesibilidad y conformidad con los est\u00e1ndares:<\/p><ul><li>Documento v\u00e1lido xhtml 1.1<\/li><li>Documento v\u00e1lido CSS<\/li><li>Comprobado con TAW<\/li><\/ul>\t\t\t\t\t\t<\/div>\n\t\t\t\t<\/div>\n\t\t\t\t\t<\/div>\n\t\t<\/div>\n\t\t\t\t\t\t\t<\/div>\n\t\t<\/section>\n\t\t\t\t<section class=\"elementor-section elementor-top-section elementor-element elementor-element-748da903 elementor-section-boxed elementor-section-height-default elementor-section-height-default\" data-id=\"748da903\" data-element_type=\"section\">\n\t\t\t\t\t\t<div class=\"elementor-container elementor-column-gap-default\">\n\t\t\t\t\t<div class=\"elementor-column elementor-col-100 elementor-top-column elementor-element elementor-element-72af0697\" data-id=\"72af0697\" data-element_type=\"column\">\n\t\t\t<div class=\"elementor-widget-wrap elementor-element-populated\">\n\t\t\t\t\t\t\t\t<div class=\"elementor-element elementor-element-43b41f74 elementor-widget elementor-widget-heading\" data-id=\"43b41f74\" data-element_type=\"widget\" id=\"vending\" data-widget_type=\"heading.default\">\n\t\t\t\t<div class=\"elementor-widget-container\">\n\t\t\t<h5 class=\"elementor-heading-title elementor-size-default\">CSS<\/h5>\t\t<\/div>\n\t\t\t\t<\/div>\n\t\t\t\t<div class=\"elementor-element elementor-element-58fdf1a4 elementor-widget elementor-widget-text-editor\" data-id=\"58fdf1a4\" data-element_type=\"widget\" data-widget_type=\"text-editor.default\">\n\t\t\t\t<div class=\"elementor-widget-container\">\n\t\t\t\t\t\t\t\t<p>La visualizaci\u00f3n del sitio web de Grupo D.C. se puede modificar aplicando hojas de estilos personalizadas seg\u00fan las necesidades del usuario. Si su navegador no soporta hojas de estilos en cascada es posible navegar por el web sin ning\u00fan tipo de problema.<\/p>\t\t\t\t\t\t<\/div>\n\t\t\t\t<\/div>\n\t\t\t\t\t<\/div>\n\t\t<\/div>\n\t\t\t\t\t\t\t<\/div>\n\t\t<\/section>\n\t\t\t\t<section class=\"elementor-section elementor-top-section elementor-element elementor-element-4e05c81 elementor-section-content-middle elementor-reverse-mobile elementor-section-boxed elementor-section-height-default elementor-section-height-default\" data-id=\"4e05c81\" data-element_type=\"section\" data-settings=\"{&quot;background_background&quot;:&quot;classic&quot;,&quot;shape_divider_top&quot;:&quot;tilt&quot;,&quot;shape_divider_bottom&quot;:&quot;tilt&quot;}\">\n\t\t\t\t\t<div class=\"elementor-shape elementor-shape-top\" data-negative=\"false\">\n\t\t\t<svg xmlns=\"http:\/\/www.w3.org\/2000\/svg\" viewBox=\"0 0 1000 100\" preserveAspectRatio=\"none\">\n\t<path class=\"elementor-shape-fill\" d=\"M0,6V0h1000v100L0,6z\"\/>\n<\/svg>\t\t<\/div>\n\t\t\t\t<div class=\"elementor-shape elementor-shape-bottom\" data-negative=\"false\">\n\t\t\t<svg xmlns=\"http:\/\/www.w3.org\/2000\/svg\" viewBox=\"0 0 1000 100\" preserveAspectRatio=\"none\">\n\t<path class=\"elementor-shape-fill\" d=\"M0,6V0h1000v100L0,6z\"\/>\n<\/svg>\t\t<\/div>\n\t\t\t\t\t<div class=\"elementor-container elementor-column-gap-default\">\n\t\t\t\t\t<div class=\"elementor-column elementor-col-100 elementor-top-column elementor-element elementor-element-67289311\" data-id=\"67289311\" data-element_type=\"column\">\n\t\t\t<div class=\"elementor-widget-wrap elementor-element-populated\">\n\t\t\t\t\t\t\t\t<div class=\"elementor-element elementor-element-5ea38996 elementor-widget elementor-widget-heading\" data-id=\"5ea38996\" data-element_type=\"widget\" id=\"ganaderia\" data-widget_type=\"heading.default\">\n\t\t\t\t<div class=\"elementor-widget-container\">\n\t\t\t<h5 class=\"elementor-heading-title elementor-size-default\">Compatibilidad<\/h5>\t\t<\/div>\n\t\t\t\t<\/div>\n\t\t\t\t<div class=\"elementor-element elementor-element-2d2addca elementor-widget elementor-widget-text-editor\" data-id=\"2d2addca\" data-element_type=\"widget\" data-widget_type=\"text-editor.default\">\n\t\t\t\t<div class=\"elementor-widget-container\">\n\t\t\t\t\t\t\t\t<p>Todo el web se ha desarrollado utilizando XHTML 1.1 por lo que se visualizar\u00e1 correctamente en cualquier navegador que d\u00e9 un soporte correcto a dicho est\u00e1ndar. Durante el desarrollo de Grupo D.C. se ha comprobado su correcto funcionamiento en Internet Explorer 6.0 y superior, Mozilla Firefox, Netscape 8.1 y \u00d3pera 9.<\/p>\t\t\t\t\t\t<\/div>\n\t\t\t\t<\/div>\n\t\t\t\t\t<\/div>\n\t\t<\/div>\n\t\t\t\t\t\t\t<\/div>\n\t\t<\/section>\n\t\t\t\t<section class=\"elementor-section elementor-top-section elementor-element elementor-element-9780cf5 elementor-section-boxed elementor-section-height-default elementor-section-height-default elementor-invisible\" data-id=\"9780cf5\" data-element_type=\"section\" data-settings=\"{&quot;background_background&quot;:&quot;classic&quot;,&quot;animation&quot;:&quot;fadeInUp&quot;}\">\n\t\t\t\t\t\t<div class=\"elementor-container elementor-column-gap-default\">\n\t\t\t\t\t<div class=\"elementor-column elementor-col-100 elementor-top-column elementor-element elementor-element-17c1012\" data-id=\"17c1012\" data-element_type=\"column\" data-settings=\"{&quot;background_background&quot;:&quot;classic&quot;}\">\n\t\t\t<div class=\"elementor-widget-wrap elementor-element-populated\">\n\t\t\t\t\t\t\t\t<section class=\"elementor-section elementor-inner-section elementor-element elementor-element-53a059a elementor-section-content-middle elementor-section-boxed elementor-section-height-default elementor-section-height-default\" data-id=\"53a059a\" data-element_type=\"section\" data-settings=\"{&quot;background_background&quot;:&quot;classic&quot;}\">\n\t\t\t\t\t\t<div class=\"elementor-container elementor-column-gap-default\">\n\t\t\t\t\t<div class=\"elementor-column elementor-col-66 elementor-inner-column elementor-element elementor-element-42aa280\" data-id=\"42aa280\" data-element_type=\"column\">\n\t\t\t<div class=\"elementor-widget-wrap elementor-element-populated\">\n\t\t\t\t\t\t\t\t<div class=\"elementor-element elementor-element-5e80b69 elementor-widget elementor-widget-heading\" data-id=\"5e80b69\" data-element_type=\"widget\" data-widget_type=\"heading.default\">\n\t\t\t\t<div class=\"elementor-widget-container\">\n\t\t\t<h2 class=\"elementor-heading-title elementor-size-default\">\u00bfTienes algo que contarnos?<\/h2>\t\t<\/div>\n\t\t\t\t<\/div>\n\t\t\t\t<div class=\"elementor-element elementor-element-1e1dbc3 elementor-widget elementor-widget-text-editor\" data-id=\"1e1dbc3\" data-element_type=\"widget\" data-widget_type=\"text-editor.default\">\n\t\t\t\t<div class=\"elementor-widget-container\">\n\t\t\t\t\t\t\t\t<p>La comunicaci\u00f3n fluida y abierta es una de las se\u00f1as de identidad que sostienen la marca de Grupo DC. Ll\u00e1manos o completa nuestro formulario de contacto y haremos lo que est\u00e9 en nuestra mano para resolver tus cuestiones.<\/p>\t\t\t\t\t\t<\/div>\n\t\t\t\t<\/div>\n\t\t\t\t\t<\/div>\n\t\t<\/div>\n\t\t\t\t<div class=\"elementor-column elementor-col-33 elementor-inner-column elementor-element elementor-element-a6a2aeb\" data-id=\"a6a2aeb\" data-element_type=\"column\">\n\t\t\t<div class=\"elementor-widget-wrap elementor-element-populated\">\n\t\t\t\t\t\t\t\t<div class=\"elementor-element elementor-element-41d9eff elementor-align-center elementor-button-info elementor-widget elementor-widget-button\" data-id=\"41d9eff\" data-element_type=\"widget\" data-widget_type=\"button.default\">\n\t\t\t\t<div class=\"elementor-widget-container\">\n\t\t\t\t\t<div class=\"elementor-button-wrapper\">\n\t\t\t<a href=\"https:\/\/www.grupo-dc.com\/wp\/contacto\/\" class=\"elementor-button-link elementor-button elementor-size-md\" role=\"button\">\n\t\t\t\t\t\t<span class=\"elementor-button-content-wrapper\">\n\t\t\t\t\t\t<span class=\"elementor-button-icon elementor-align-icon-left\">\n\t\t\t\t<i aria-hidden=\"true\" class=\"fas fa-phone-alt\"><\/i>\t\t\t<\/span>\n\t\t\t\t\t\t<span class=\"elementor-button-text\">Contactar<\/span>\n\t\t<\/span>\n\t\t\t\t\t<\/a>\n\t\t<\/div>\n\t\t\t\t<\/div>\n\t\t\t\t<\/div>\n\t\t\t\t\t<\/div>\n\t\t<\/div>\n\t\t\t\t\t\t\t<\/div>\n\t\t<\/section>\n\t\t\t\t\t<\/div>\n\t\t<\/div>\n\t\t\t\t\t\t\t<\/div>\n\t\t<\/section>\n\t\t\t\t\t\t<\/div>\n\t\t\t\t\t<\/div>\n\t\t","protected":false},"excerpt":{"rendered":"<p>Accesibilidad Este sitio web utiliza las cookies propias y de terceros estrictamente necesarias para optimizar la navegaci\u00f3n y mejorar la experiencia de usuario. Con la mera navegaci\u00f3n (con el navegador habilitado para aceptar cookies), el usuario acepta la instalaci\u00f3n de cookies, salvo que se oponga, seg\u00fan se detalla en esta Pol\u00edtica de cookies. Pruebas superadas [&hellip;]<\/p>\n","protected":false},"author":1,"featured_media":0,"parent":0,"menu_order":0,"comment_status":"closed","ping_status":"closed","template":"elementor_header_footer","meta":{"footnotes":""},"class_list":["post-1007","page","type-page","status-publish","hentry"],"yoast_head":"<!-- This site is optimized with the Yoast SEO plugin v27.5 - https:\/\/yoast.com\/product\/yoast-seo-wordpress\/ -->\n<title>Accesibilidad | Grupo DC<\/title>\n<meta name=\"robots\" content=\"index, follow, max-snippet:-1, max-image-preview:large, max-video-preview:-1\" \/>\n<link rel=\"canonical\" href=\"https:\/\/www.grupo-dc.com\/wp\/accesibilidad\/\" \/>\n<meta property=\"og:locale\" content=\"es_ES\" \/>\n<meta property=\"og:type\" content=\"article\" \/>\n<meta property=\"og:title\" content=\"Accesibilidad | Grupo DC\" \/>\n<meta property=\"og:description\" content=\"Accesibilidad Este sitio web utiliza las cookies propias y de terceros estrictamente necesarias para optimizar la navegaci\u00f3n y mejorar la experiencia de usuario. Con la mera navegaci\u00f3n (con el navegador habilitado para aceptar cookies), el usuario acepta la instalaci\u00f3n de cookies, salvo que se oponga, seg\u00fan se detalla en esta Pol\u00edtica de cookies. Pruebas superadas [&hellip;]\" \/>\n<meta property=\"og:url\" content=\"https:\/\/www.grupo-dc.com\/wp\/accesibilidad\/\" \/>\n<meta property=\"og:site_name\" content=\"Grupo DC\" \/>\n<meta property=\"article:modified_time\" content=\"2021-08-09T09:58:13+00:00\" \/>\n<meta name=\"twitter:card\" content=\"summary_large_image\" \/>\n<meta name=\"twitter:label1\" content=\"Tiempo de lectura\" \/>\n\t<meta name=\"twitter:data1\" content=\"1 minuto\" \/>\n<script type=\"application\/ld+json\" class=\"yoast-schema-graph\">{\"@context\":\"https:\\\/\\\/schema.org\",\"@graph\":[{\"@type\":\"WebPage\",\"@id\":\"https:\\\/\\\/www.grupo-dc.com\\\/wp\\\/accesibilidad\\\/\",\"url\":\"https:\\\/\\\/www.grupo-dc.com\\\/wp\\\/accesibilidad\\\/\",\"name\":\"Accesibilidad | Grupo DC\",\"isPartOf\":{\"@id\":\"https:\\\/\\\/www.grupo-dc.com\\\/wp\\\/#website\"},\"datePublished\":\"2021-08-08T21:07:32+00:00\",\"dateModified\":\"2021-08-09T09:58:13+00:00\",\"breadcrumb\":{\"@id\":\"https:\\\/\\\/www.grupo-dc.com\\\/wp\\\/accesibilidad\\\/#breadcrumb\"},\"inLanguage\":\"es\",\"potentialAction\":[{\"@type\":\"ReadAction\",\"target\":[\"https:\\\/\\\/www.grupo-dc.com\\\/wp\\\/accesibilidad\\\/\"]}]},{\"@type\":\"BreadcrumbList\",\"@id\":\"https:\\\/\\\/www.grupo-dc.com\\\/wp\\\/accesibilidad\\\/#breadcrumb\",\"itemListElement\":[{\"@type\":\"ListItem\",\"position\":1,\"name\":\"Portada\",\"item\":\"https:\\\/\\\/www.grupo-dc.com\\\/wp\\\/\"},{\"@type\":\"ListItem\",\"position\":2,\"name\":\"Accesibilidad\"}]},{\"@type\":\"WebSite\",\"@id\":\"https:\\\/\\\/www.grupo-dc.com\\\/wp\\\/#website\",\"url\":\"https:\\\/\\\/www.grupo-dc.com\\\/wp\\\/\",\"name\":\"Grupo DC\",\"description\":\"Excelencia y competitividad\",\"publisher\":{\"@id\":\"https:\\\/\\\/www.grupo-dc.com\\\/wp\\\/#organization\"},\"potentialAction\":[{\"@type\":\"SearchAction\",\"target\":{\"@type\":\"EntryPoint\",\"urlTemplate\":\"https:\\\/\\\/www.grupo-dc.com\\\/wp\\\/?s={search_term_string}\"},\"query-input\":{\"@type\":\"PropertyValueSpecification\",\"valueRequired\":true,\"valueName\":\"search_term_string\"}}],\"inLanguage\":\"es\"},{\"@type\":\"Organization\",\"@id\":\"https:\\\/\\\/www.grupo-dc.com\\\/wp\\\/#organization\",\"name\":\"Grupo DC\",\"url\":\"https:\\\/\\\/www.grupo-dc.com\\\/wp\\\/\",\"logo\":{\"@type\":\"ImageObject\",\"inLanguage\":\"es\",\"@id\":\"https:\\\/\\\/www.grupo-dc.com\\\/wp\\\/#\\\/schema\\\/logo\\\/image\\\/\",\"url\":\"https:\\\/\\\/www.grupo-dc.com\\\/wp\\\/wp-content\\\/uploads\\\/2021\\\/05\\\/logo-grupo-dc-blanco.svg\",\"contentUrl\":\"https:\\\/\\\/www.grupo-dc.com\\\/wp\\\/wp-content\\\/uploads\\\/2021\\\/05\\\/logo-grupo-dc-blanco.svg\",\"width\":1,\"height\":1,\"caption\":\"Grupo DC\"},\"image\":{\"@id\":\"https:\\\/\\\/www.grupo-dc.com\\\/wp\\\/#\\\/schema\\\/logo\\\/image\\\/\"}}]}<\/script>\n<!-- \/ Yoast SEO plugin. -->","yoast_head_json":{"title":"Accesibilidad | Grupo DC","robots":{"index":"index","follow":"follow","max-snippet":"max-snippet:-1","max-image-preview":"max-image-preview:large","max-video-preview":"max-video-preview:-1"},"canonical":"https:\/\/www.grupo-dc.com\/wp\/accesibilidad\/","og_locale":"es_ES","og_type":"article","og_title":"Accesibilidad | Grupo DC","og_description":"Accesibilidad Este sitio web utiliza las cookies propias y de terceros estrictamente necesarias para optimizar la navegaci\u00f3n y mejorar la experiencia de usuario. Con la mera navegaci\u00f3n (con el navegador habilitado para aceptar cookies), el usuario acepta la instalaci\u00f3n de cookies, salvo que se oponga, seg\u00fan se detalla en esta Pol\u00edtica de cookies. Pruebas superadas [&hellip;]","og_url":"https:\/\/www.grupo-dc.com\/wp\/accesibilidad\/","og_site_name":"Grupo DC","article_modified_time":"2021-08-09T09:58:13+00:00","twitter_card":"summary_large_image","twitter_misc":{"Tiempo de lectura":"1 minuto"},"schema":{"@context":"https:\/\/schema.org","@graph":[{"@type":"WebPage","@id":"https:\/\/www.grupo-dc.com\/wp\/accesibilidad\/","url":"https:\/\/www.grupo-dc.com\/wp\/accesibilidad\/","name":"Accesibilidad | Grupo DC","isPartOf":{"@id":"https:\/\/www.grupo-dc.com\/wp\/#website"},"datePublished":"2021-08-08T21:07:32+00:00","dateModified":"2021-08-09T09:58:13+00:00","breadcrumb":{"@id":"https:\/\/www.grupo-dc.com\/wp\/accesibilidad\/#breadcrumb"},"inLanguage":"es","potentialAction":[{"@type":"ReadAction","target":["https:\/\/www.grupo-dc.com\/wp\/accesibilidad\/"]}]},{"@type":"BreadcrumbList","@id":"https:\/\/www.grupo-dc.com\/wp\/accesibilidad\/#breadcrumb","itemListElement":[{"@type":"ListItem","position":1,"name":"Portada","item":"https:\/\/www.grupo-dc.com\/wp\/"},{"@type":"ListItem","position":2,"name":"Accesibilidad"}]},{"@type":"WebSite","@id":"https:\/\/www.grupo-dc.com\/wp\/#website","url":"https:\/\/www.grupo-dc.com\/wp\/","name":"Grupo DC","description":"Excelencia y competitividad","publisher":{"@id":"https:\/\/www.grupo-dc.com\/wp\/#organization"},"potentialAction":[{"@type":"SearchAction","target":{"@type":"EntryPoint","urlTemplate":"https:\/\/www.grupo-dc.com\/wp\/?s={search_term_string}"},"query-input":{"@type":"PropertyValueSpecification","valueRequired":true,"valueName":"search_term_string"}}],"inLanguage":"es"},{"@type":"Organization","@id":"https:\/\/www.grupo-dc.com\/wp\/#organization","name":"Grupo DC","url":"https:\/\/www.grupo-dc.com\/wp\/","logo":{"@type":"ImageObject","inLanguage":"es","@id":"https:\/\/www.grupo-dc.com\/wp\/#\/schema\/logo\/image\/","url":"https:\/\/www.grupo-dc.com\/wp\/wp-content\/uploads\/2021\/05\/logo-grupo-dc-blanco.svg","contentUrl":"https:\/\/www.grupo-dc.com\/wp\/wp-content\/uploads\/2021\/05\/logo-grupo-dc-blanco.svg","width":1,"height":1,"caption":"Grupo DC"},"image":{"@id":"https:\/\/www.grupo-dc.com\/wp\/#\/schema\/logo\/image\/"}}]}},"_links":{"self":[{"href":"https:\/\/www.grupo-dc.com\/wp\/wp-json\/wp\/v2\/pages\/1007","targetHints":{"allow":["GET"]}}],"collection":[{"href":"https:\/\/www.grupo-dc.com\/wp\/wp-json\/wp\/v2\/pages"}],"about":[{"href":"https:\/\/www.grupo-dc.com\/wp\/wp-json\/wp\/v2\/types\/page"}],"author":[{"embeddable":true,"href":"https:\/\/www.grupo-dc.com\/wp\/wp-json\/wp\/v2\/users\/1"}],"replies":[{"embeddable":true,"href":"https:\/\/www.grupo-dc.com\/wp\/wp-json\/wp\/v2\/comments?post=1007"}],"version-history":[{"count":7,"href":"https:\/\/www.grupo-dc.com\/wp\/wp-json\/wp\/v2\/pages\/1007\/revisions"}],"predecessor-version":[{"id":1085,"href":"https:\/\/www.grupo-dc.com\/wp\/wp-json\/wp\/v2\/pages\/1007\/revisions\/1085"}],"wp:attachment":[{"href":"https:\/\/www.grupo-dc.com\/wp\/wp-json\/wp\/v2\/media?parent=1007"}],"curies":[{"name":"wp","href":"https:\/\/api.w.org\/{rel}","templated":true}]}}